{"id":2126,"date":"2024-07-15T03:53:07","date_gmt":"2024-07-15T03:53:07","guid":{"rendered":"https:\/\/taxne.com\/?page_id=2126"},"modified":"2025-09-23T06:24:20","modified_gmt":"2025-09-23T06:24:20","slug":"shipping-policy","status":"publish","type":"page","link":"https:\/\/taxne.com\/vi\/chinh-sach-van-chuyen\/","title":{"rendered":"ch\u00ednh s\u00e1ch v\u1eadn chuy\u1ec3n"},"content":{"rendered":"<h1 class=\"wp-block-heading\">CH\u00cdNH S\u00c1CH V\u1eacN CHUY\u1ec2N<\/h1>\n\n\n\n<p>A. Chi ph\u00ed v\u1eadn chuy\u1ec3n<br><br><strong>Th\u1eddi gian x\u1eed l\u00fd: Trong v\u00f2ng 48 gi\u1edd<\/strong><\/p>\n\n\n\n<p><strong>Freight: $9.9<\/strong><\/p>\n\n\n\n<p><strong>Shipping fee: Free shipping on orders over $88.88<\/strong><br><br>B. Th\u1eddi gian k\u1ebft th\u00fac qu\u00e1 tr\u00ecnh v\u1eadn chuy\u1ec3n, x\u1eed l\u00fd v\u00e0 x\u1eed l\u00fd \u0111\u01a1n h\u00e0ng<br><br>T\u1ea5t c\u1ea3 c\u00e1c \u0111\u01a1n \u0111\u1eb7t h\u00e0ng \u0111\u01b0\u1ee3c x\u1eed l\u00fd trong v\u00f2ng 1-2 ng\u00e0y l\u00e0m vi\u1ec7c<br>T\u1ea5t c\u1ea3 gi\u00e1 \u0111\u1ec1u b\u1eb1ng USD<br>Xin l\u01b0u \u00fd r\u1eb1ng c\u00f3 th\u1ec3 c\u00f3 m\u1ed9t ch\u00fat sai s\u00f3t trong th\u1eddi gian b\u00e1n h\u00e0ng v\u00e0 ngh\u1ec9 l\u1ec5, vi\u1ec7c giao h\u00e0ng c\u00f3 th\u1ec3 m\u1ea5t nhi\u1ec1u th\u1eddi gian h\u01a1n khung th\u1eddi gian \u01b0\u1edbc t\u00ednh \u1edf tr\u00ean.<br>Sau khi v\u1eadn chuy\u1ec3n, \u0111\u01a1n h\u00e0ng kh\u00f4ng th\u1ec3 b\u1ecb h\u1ee7y<br><strong>Taxne<\/strong> s\u1ebd ph\u1ea3i ch\u1ecbu thu\u1ebf h\u1ea3i quan \u1edf t\u1ea5t c\u1ea3 c\u00e1c qu\u1ed1c gia trong qu\u00e1 tr\u00ecnh g\u1eedi th\u01b0, v\u00ec v\u1eady ng\u01b0\u1eddi ti\u00eau d\u00f9ng s\u1ebd kh\u00f4ng ch\u1ecbu tr\u00e1ch nhi\u1ec7m v\u1ec1 chi ph\u00ed v\u01b0\u1ee3t qu\u00e1<br>N\u1ebfu b\u1ea1n kh\u00f4ng nh\u1eadn \u0111\u01b0\u1ee3c b\u01b0u ki\u1ec7n trong v\u00f2ng 40 ng\u00e0y, ch\u00fang t\u00f4i mong b\u1ea1n li\u00ean h\u1ec7 v\u1edbi ch\u00fang t\u00f4i k\u1ecbp th\u1eddi. Ch\u00fang t\u00f4i s\u1ebd h\u1ed7 tr\u1ee3 b\u1ea1n theo d\u00f5i b\u01b0u ki\u1ec7n ho\u1eb7c quy\u1ebft \u0111\u1ecbnh c\u00f3 n\u00ean g\u1eedi l\u1ea1i s\u1ea3n ph\u1ea9m hay kh\u00f4ng<br><br>C. Th\u1eddi gian v\u1eadn chuy\u1ec3n:<br><br>Hoa K\u1ef3\/CA: 10-20 ng\u00e0y l\u00e0m vi\u1ec7c<br>Ch\u00e2u \u00c2u: 10-20 ng\u00e0y l\u00e0m vi\u1ec7c<br>Trung \u0110\u00f4ng: 10-25 ng\u00e0y l\u00e0m vi\u1ec7c<br>Kh\u00e1c: 10-25 ng\u00e0y l\u00e0m vi\u1ec7c<br><br>TR\u1ea2 L\u1ea0I V\u00c0 \u0110\u1ed4I H\u00c0NG<br>30 ng\u00e0y d\u1ec5 d\u00e0ng<br>Xem c\u00e1c \u0111i\u1ec1u ki\u1ec7n v\u00e0 th\u1ee7 t\u1ee5c trong ch\u00ednh s\u00e1ch ho\u00e0n tr\u1ea3 v\u00e0 ho\u00e0n ti\u1ec1n c\u1ee7a ch\u00fang t\u00f4i<br><br><br><br><strong>Ch\u00fang t\u00f4i \u0111\u1eb7c bi\u1ec7t c\u1ea9n th\u1eadn trong vi\u1ec7c x\u00e1c minh m\u1ecdi \u0111\u01a1n h\u00e0ng ch\u00fang t\u00f4i nh\u1eadn \u0111\u01b0\u1ee3c. Quy tr\u00ecnh n\u00e0y l\u00e0 quy tr\u00ecnh m\u00e0 ch\u00fang t\u00f4i c\u1ed1 g\u1eafng ho\u00e0n th\u00e0nh trong khung th\u1eddi gian \u0111\u1ec3 \u0111\u01a1n \u0111\u1eb7t h\u00e0ng c\u1ee7a b\u1ea1n \u0111\u01b0\u1ee3c g\u1eedi \u0111i ho\u1eb7c \u0111\u01b0\u1ee3c g\u1eedi \u0111\u1ebfn nh\u00e0 s\u1ea3n xu\u1ea5t g\u1eedi \u0111\u01a1n \u0111\u1eb7t h\u00e0ng c\u1ee7a b\u1ea1n. Trong m\u1ed9t s\u1ed1 tr\u01b0\u1eddng h\u1ee3p nh\u1ea5t \u0111\u1ecbnh, quy tr\u00ecnh x\u00e1c minh \u0111\u01a1n h\u00e0ng c\u1ee7a ch\u00fang t\u00f4i c\u00f3 th\u1ec3 tr\u00ec ho\u00e3n vi\u1ec7c v\u1eadn chuy\u1ec3n \u0111\u01a1n h\u00e0ng c\u1ee7a b\u1ea1n. Vui l\u00f2ng \u0111\u1ea3m b\u1ea3o bao g\u1ed3m th\u00f4ng tin ch\u00ednh x\u00e1c khi b\u1ea1n \u0111\u1eb7t h\u00e0ng \u0111\u1ec3 n\u1ebfu c\u1ea7n, ch\u00fang t\u00f4i c\u00f3 th\u1ec3 li\u00ean h\u1ec7 v\u1edbi b\u1ea1n theo th\u00f4ng tin \u0111\u01b0\u1ee3c li\u1ec7t k\u00ea nh\u1eb1m c\u1ed1 g\u1eafng giao \u0111\u01a1n \u0111\u1eb7t h\u00e0ng c\u1ee7a b\u1ea1n trong c\u00f9ng ng\u00e0y (n\u1ebfu c\u00f2n h\u00e0ng trong kho c\u1ee7a ch\u00fang t\u00f4i).<\/strong><br><br><strong>Vui l\u00f2ng x\u00e1c minh t\u00ecnh tr\u1ea1ng h\u00e0ng trong kho tr\u01b0\u1edbc khi \u0111\u1eb7t h\u00e0ng v\u00ec ch\u00fang t\u00f4i kh\u00f4ng th\u1ec3 \u01b0\u1edbc t\u00ednh ch\u00ednh x\u00e1c th\u1eddi gian v\u1eadn chuy\u1ec3n cho nh\u1eefng m\u1eb7t h\u00e0ng h\u1ebft h\u00e0ng.<\/strong><br><br><strong>Taxne kh\u00f4ng ch\u1ecbu tr\u00e1ch nhi\u1ec7m v\u1ec1 c\u00e1c g\u00f3i h\u00e0ng b\u1ecb m\u1ea5t c\u1eafp. N\u1ebfu b\u1ea1n c\u1ea3m th\u1ea5y g\u00f3i h\u00e0ng c\u1ee7a m\u00ecnh b\u1ecb g\u1eedi nh\u1ea7m, b\u1ea1n c\u00f3 th\u1ec3 li\u00ean h\u1ec7 v\u1edbi nh\u00f3m d\u1ecbch v\u1ee5 kh\u00e1ch h\u00e0ng c\u1ee7a ch\u00fang t\u00f4i v\u00e0 ch\u00fang t\u00f4i c\u00f3 th\u1ec3 ph\u1ed1i h\u1ee3p v\u1edbi d\u1ecbch v\u1ee5 x\u1eed l\u00fd g\u00f3i h\u00e0ng \u0111\u1ec3 b\u1eaft \u0111\u1ea7u \u0111i\u1ec1u tra g\u00f3i h\u00e0ng b\u1ecb th\u1ea5t l\u1ea1c. N\u1ebfu d\u1ecbch v\u1ee5 x\u1eed l\u00fd g\u00f3i h\u00e0ng kh\u00f4ng th\u1ec3 x\u00e1c \u0111\u1ecbnh v\u1ecb tr\u00ed g\u00f3i h\u00e0ng ho\u1eb7c cung c\u1ea5p t\u00e0i li\u1ec7u cho th\u1ea5y g\u00f3i h\u00e0ng \u0111\u00e3 \u0111\u01b0\u1ee3c giao \u0111\u1ebfn \u0111\u00fang \u0111\u1ecba ch\u1ec9 th\u00ec Taxne c\u00f3 to\u00e0n quy\u1ec1n quy\u1ebft \u0111\u1ecbnh v\u1ec1 c\u00e1ch gi\u1ea3i quy\u1ebft, ch\u00fang t\u00f4i kh\u00f4ng th\u1ec3 \u0111\u1ea3m b\u1ea3o thay th\u1ebf ho\u1eb7c ho\u00e0n l\u1ea1i ti\u1ec1n t\u00f9y thu\u1ed9c v\u00e0o k\u1ebft qu\u1ea3 c\u1ee7a vi\u1ec7c m\u1ea5t g\u00f3i h\u00e0ng. \u0111i\u1ec1u tra g\u00f3i.<\/strong><\/p>","protected":false},"excerpt":{"rendered":"<p>SHIPPING POLICY A. Shipping Costs Processing time: Within 48 hours Freight: $9.9 Shipping fee: Free shipping on orders over $88.88 B. Transit, Handling &amp; Oders Cut Off Time All orders are processed within 1-2 business daysAll prices are in USDPlease note there could be slight During sale and holiday periods, delivery may take longer than [&hellip;]<\/p>\n","protected":false},"author":1,"featured_media":0,"parent":0,"menu_order":0,"comment_status":"closed","ping_status":"closed","template":"","meta":{"_uag_custom_page_level_css":"","site-sidebar-layout":"default","site-content-layout":"","ast-site-content-layout":"default","site-content-style":"default","site-sidebar-style":"default","ast-global-header-display":"","ast-banner-title-visibility":"","ast-main-header-display":"","ast-hfb-above-header-display":"","ast-hfb-below-header-display":"","ast-hfb-mobile-header-display":"","site-post-title":"","ast-breadcrumbs-content":"","ast-featured-img":"","footer-sml-layout":"","ast-disable-related-posts":"","theme-transparent-header-meta":"","adv-header-id-meta":"","stick-header-meta":"","header-above-stick-meta":"","header-main-stick-meta":"","header-below-stick-meta":"","astra-migrate-meta-layouts":"set","ast-page-background-enabled":"default","ast-page-background-meta":{"desktop":{"background-color":"","background-image":"","background-repeat":"repeat","background-position":"center center","background-size":"auto","background-attachment":"scroll","background-type":"","background-media":"","overlay-type":"","overlay-color":"","overlay-opacity":"","overlay-gradient":""},"tablet":{"background-color":"","background-image":"","background-repeat":"repeat","background-position":"center center","background-size":"auto","background-attachment":"scroll","background-type":"","background-media":"","overlay-type":"","overlay-color":"","overlay-opacity":"","overlay-gradient":""},"mobile":{"background-color":"","background-image":"","background-repeat":"repeat","background-position":"center center","background-size":"auto","background-attachment":"scroll","background-type":"","background-media":"","overlay-type":"","overlay-color":"","overlay-opacity":"","overlay-gradient":""}},"ast-content-background-meta":{"desktop":{"background-color":"var(--ast-global-color-5)","background-image":"","background-repeat":"repeat","background-position":"center center","background-size":"auto","background-attachment":"scroll","background-type":"","background-media":"","overlay-type":"","overlay-color":"","overlay-opacity":"","overlay-gradient":""},"tablet":{"background-color":"var(--ast-global-color-5)","background-image":"","background-repeat":"repeat","background-position":"center center","background-size":"auto","background-attachment":"scroll","background-type":"","background-media":"","overlay-type":"","overlay-color":"","overlay-opacity":"","overlay-gradient":""},"mobile":{"background-color":"var(--ast-global-color-5)","background-image":"","background-repeat":"repeat","background-position":"center center","background-size":"auto","background-attachment":"scroll","background-type":"","background-media":"","overlay-type":"","overlay-color":"","overlay-opacity":"","overlay-gradient":""}},"footnotes":""},"class_list":["post-2126","page","type-page","status-publish","hentry"],"yoast_head":"<!-- This site is optimized with the Yoast SEO plugin v27.3 - https:\/\/yoast.com\/product\/yoast-seo-wordpress\/ -->\n<title>Shipping Policy | Delivery Times, Costs &amp; Tracking | Taxne<\/title>\n<meta name=\"description\" content=\"Explore Taxne\u2019s shipping policy: delivery timelines, free shipping thresholds, and tracking. We ship globally with care. Questions about your order? Find all details here.\" \/>\n<meta name=\"robots\" content=\"index, follow, max-snippet:-1, max-image-preview:large, max-video-preview:-1\" \/>\n<link rel=\"canonical\" href=\"https:\/\/taxne.com\/vi\/chinh-sach-van-chuyen\/\" \/>\n<meta property=\"og:locale\" content=\"vi_VN\" \/>\n<meta property=\"og:type\" content=\"article\" \/>\n<meta property=\"og:title\" content=\"Shipping Policy | Delivery Times, Costs &amp; Tracking | Taxne\" \/>\n<meta property=\"og:description\" content=\"Explore Taxne\u2019s shipping policy: delivery timelines, free shipping thresholds, and tracking. We ship globally with care. Questions about your order? Find all details here.\" \/>\n<meta property=\"og:url\" content=\"https:\/\/taxne.com\/vi\/chinh-sach-van-chuyen\/\" \/>\n<meta property=\"article:modified_time\" content=\"2025-09-23T06:24:20+00:00\" \/>\n<meta name=\"twitter:card\" content=\"summary_large_image\" \/>\n<meta name=\"twitter:label1\" content=\"\u01af\u1edbc t\u00ednh th\u1eddi gian \u0111\u1ecdc\" \/>\n\t<meta name=\"twitter:data1\" content=\"2 ph\u00fat\" \/>\n<script type=\"application\/ld+json\" class=\"yoast-schema-graph\">{\"@context\":\"https:\\\/\\\/schema.org\",\"@graph\":[{\"@type\":\"WebPage\",\"@id\":\"https:\\\/\\\/taxne.com\\\/shipping-policy\\\/\",\"url\":\"https:\\\/\\\/taxne.com\\\/shipping-policy\\\/\",\"name\":\"Shipping Policy | Delivery Times, Costs & Tracking | Taxne\",\"isPartOf\":{\"@id\":\"https:\\\/\\\/taxne.com\\\/#website\"},\"datePublished\":\"2024-07-15T03:53:07+00:00\",\"dateModified\":\"2025-09-23T06:24:20+00:00\",\"description\":\"Explore Taxne\u2019s shipping policy: delivery timelines, free shipping thresholds, and tracking. We ship globally with care. Questions about your order? Find all details here.\",\"breadcrumb\":{\"@id\":\"https:\\\/\\\/taxne.com\\\/shipping-policy\\\/#breadcrumb\"},\"inLanguage\":\"vi\",\"potentialAction\":[{\"@type\":\"ReadAction\",\"target\":[\"https:\\\/\\\/taxne.com\\\/shipping-policy\\\/\"]}]},{\"@type\":\"BreadcrumbList\",\"@id\":\"https:\\\/\\\/taxne.com\\\/shipping-policy\\\/#breadcrumb\",\"itemListElement\":[{\"@type\":\"ListItem\",\"position\":1,\"name\":\"\u9996\u9875\",\"item\":\"https:\\\/\\\/taxne.com\\\/\"},{\"@type\":\"ListItem\",\"position\":2,\"name\":\"Shipping Policy\"}]},{\"@type\":\"WebSite\",\"@id\":\"https:\\\/\\\/taxne.com\\\/#website\",\"url\":\"https:\\\/\\\/taxne.com\\\/\",\"name\":\"taxne.com\",\"description\":\"\",\"publisher\":{\"@id\":\"https:\\\/\\\/taxne.com\\\/#organization\"},\"potentialAction\":[{\"@type\":\"SearchAction\",\"target\":{\"@type\":\"EntryPoint\",\"urlTemplate\":\"https:\\\/\\\/taxne.com\\\/?s={search_term_string}\"},\"query-input\":{\"@type\":\"PropertyValueSpecification\",\"valueRequired\":true,\"valueName\":\"search_term_string\"}}],\"inLanguage\":\"vi\"},{\"@type\":\"Organization\",\"@id\":\"https:\\\/\\\/taxne.com\\\/#organization\",\"name\":\"taxne.com\",\"url\":\"https:\\\/\\\/taxne.com\\\/\",\"logo\":{\"@type\":\"ImageObject\",\"inLanguage\":\"vi\",\"@id\":\"https:\\\/\\\/taxne.com\\\/#\\\/schema\\\/logo\\\/image\\\/\",\"url\":\"https:\\\/\\\/taxne.com\\\/wp-content\\\/uploads\\\/2025\\\/09\\\/cropped-logo.png\",\"contentUrl\":\"https:\\\/\\\/taxne.com\\\/wp-content\\\/uploads\\\/2025\\\/09\\\/cropped-logo.png\",\"width\":1027,\"height\":270,\"caption\":\"taxne.com\"},\"image\":{\"@id\":\"https:\\\/\\\/taxne.com\\\/#\\\/schema\\\/logo\\\/image\\\/\"}}]}<\/script>\n<!-- \/ Yoast SEO plugin. -->","yoast_head_json":{"title":"Shipping Policy | Delivery Times, Costs & Tracking | Taxne","description":"Explore Taxne\u2019s shipping policy: delivery timelines, free shipping thresholds, and tracking. We ship globally with care. Questions about your order? Find all details here.","robots":{"index":"index","follow":"follow","max-snippet":"max-snippet:-1","max-image-preview":"max-image-preview:large","max-video-preview":"max-video-preview:-1"},"canonical":"https:\/\/taxne.com\/vi\/chinh-sach-van-chuyen\/","og_locale":"vi_VN","og_type":"article","og_title":"Shipping Policy | Delivery Times, Costs & Tracking | Taxne","og_description":"Explore Taxne\u2019s shipping policy: delivery timelines, free shipping thresholds, and tracking. We ship globally with care. Questions about your order? Find all details here.","og_url":"https:\/\/taxne.com\/vi\/chinh-sach-van-chuyen\/","article_modified_time":"2025-09-23T06:24:20+00:00","twitter_card":"summary_large_image","twitter_misc":{"\u01af\u1edbc t\u00ednh th\u1eddi gian \u0111\u1ecdc":"2 ph\u00fat"},"schema":{"@context":"https:\/\/schema.org","@graph":[{"@type":"WebPage","@id":"https:\/\/taxne.com\/shipping-policy\/","url":"https:\/\/taxne.com\/shipping-policy\/","name":"Shipping Policy | Delivery Times, Costs & Tracking | Taxne","isPartOf":{"@id":"https:\/\/taxne.com\/#website"},"datePublished":"2024-07-15T03:53:07+00:00","dateModified":"2025-09-23T06:24:20+00:00","description":"Explore Taxne\u2019s shipping policy: delivery timelines, free shipping thresholds, and tracking. We ship globally with care. Questions about your order? Find all details here.","breadcrumb":{"@id":"https:\/\/taxne.com\/shipping-policy\/#breadcrumb"},"inLanguage":"vi","potentialAction":[{"@type":"ReadAction","target":["https:\/\/taxne.com\/shipping-policy\/"]}]},{"@type":"BreadcrumbList","@id":"https:\/\/taxne.com\/shipping-policy\/#breadcrumb","itemListElement":[{"@type":"ListItem","position":1,"name":"\u9996\u9875","item":"https:\/\/taxne.com\/"},{"@type":"ListItem","position":2,"name":"Shipping Policy"}]},{"@type":"WebSite","@id":"https:\/\/taxne.com\/#website","url":"https:\/\/taxne.com\/","name":"taxne.com","description":"","publisher":{"@id":"https:\/\/taxne.com\/#organization"},"potentialAction":[{"@type":"SearchAction","target":{"@type":"EntryPoint","urlTemplate":"https:\/\/taxne.com\/?s={search_term_string}"},"query-input":{"@type":"PropertyValueSpecification","valueRequired":true,"valueName":"search_term_string"}}],"inLanguage":"vi"},{"@type":"Organization","@id":"https:\/\/taxne.com\/#organization","name":"taxne.com","url":"https:\/\/taxne.com\/","logo":{"@type":"ImageObject","inLanguage":"vi","@id":"https:\/\/taxne.com\/#\/schema\/logo\/image\/","url":"https:\/\/taxne.com\/wp-content\/uploads\/2025\/09\/cropped-logo.png","contentUrl":"https:\/\/taxne.com\/wp-content\/uploads\/2025\/09\/cropped-logo.png","width":1027,"height":270,"caption":"taxne.com"},"image":{"@id":"https:\/\/taxne.com\/#\/schema\/logo\/image\/"}}]}},"uagb_featured_image_src":{"full":false,"thumbnail":false,"medium":false,"medium_large":false,"large":false,"1536x1536":false,"2048x2048":false,"trp-custom-language-flag":false,"woocommerce_thumbnail":false,"woocommerce_single":false,"woocommerce_gallery_thumbnail":false},"uagb_author_info":{"display_name":"tianke1223@gmail.com","author_link":"https:\/\/taxne.com\/vi\/author\/tianke1223gmail-com\/"},"uagb_comment_info":0,"uagb_excerpt":"SHIPPING POLICY A. Shipping Costs Processing time: Within 48 hours Freight: $9.9 Shipping fee: Free shipping on orders over $88.88 B. Transit, Handling &amp; Oders Cut Off Time All orders are processed within 1-2 business daysAll prices are in USDPlease note there could be slight During sale and holiday periods, delivery may take longer than&hellip;","jetpack_sharing_enabled":true,"_links":{"self":[{"href":"https:\/\/taxne.com\/vi\/wp-json\/wp\/v2\/pages\/2126","targetHints":{"allow":["GET"]}}],"collection":[{"href":"https:\/\/taxne.com\/vi\/wp-json\/wp\/v2\/pages"}],"about":[{"href":"https:\/\/taxne.com\/vi\/wp-json\/wp\/v2\/types\/page"}],"author":[{"embeddable":true,"href":"https:\/\/taxne.com\/vi\/wp-json\/wp\/v2\/users\/1"}],"replies":[{"embeddable":true,"href":"https:\/\/taxne.com\/vi\/wp-json\/wp\/v2\/comments?post=2126"}],"version-history":[{"count":3,"href":"https:\/\/taxne.com\/vi\/wp-json\/wp\/v2\/pages\/2126\/revisions"}],"predecessor-version":[{"id":8379,"href":"https:\/\/taxne.com\/vi\/wp-json\/wp\/v2\/pages\/2126\/revisions\/8379"}],"wp:attachment":[{"href":"https:\/\/taxne.com\/vi\/wp-json\/wp\/v2\/media?parent=2126"}],"curies":[{"name":"wp","href":"https:\/\/api.w.org\/{rel}","templated":true}]}}