{"id":3,"date":"2024-07-11T14:22:53","date_gmt":"2024-07-11T14:22:53","guid":{"rendered":"https:\/\/taxne.com\/?page_id=3"},"modified":"2025-09-10T09:10:18","modified_gmt":"2025-09-10T09:10:18","slug":"privacy-policy","status":"publish","type":"page","link":"https:\/\/taxne.com\/vi\/chinh-sach-bao-mat\/","title":{"rendered":"Ch\u00ednh s\u00e1ch b\u1ea3o m\u1eadt"},"content":{"rendered":"<h3 class=\"wp-block-heading\">Ch\u00ednh s\u00e1ch b\u1ea3o m\u1eadt<\/h3>\n\n\n\n<p>Trang web Taxne.com thu\u1ed9c s\u1edf h\u1eefu c\u1ee7a Taxne, \u0111\u01a1n v\u1ecb ki\u1ec3m so\u00e1t d\u1eef li\u1ec7u c\u00e1 nh\u00e2n c\u1ee7a b\u1ea1n.<\/p>\n\n\n\n<p>Ch\u00fang t\u00f4i \u0111\u00e3 \u00e1p d\u1ee5ng Ch\u00ednh s\u00e1ch quy\u1ec1n ri\u00eang t\u01b0 n\u00e0y, ch\u00ednh s\u00e1ch n\u00e0y x\u00e1c \u0111\u1ecbnh c\u00e1ch ch\u00fang t\u00f4i x\u1eed l\u00fd th\u00f4ng tin do Taxne.com thu th\u1eadp, \u0111\u1ed3ng th\u1eddi cung c\u1ea5p l\u00fd do t\u1ea1i sao ch\u00fang t\u00f4i ph\u1ea3i thu th\u1eadp m\u1ed9t s\u1ed1 d\u1eef li\u1ec7u c\u00e1 nh\u00e2n nh\u1ea5t \u0111\u1ecbnh v\u1ec1 b\u1ea1n. Do \u0111\u00f3, b\u1ea1n ph\u1ea3i \u0111\u1ecdc Ch\u00ednh s\u00e1ch quy\u1ec1n ri\u00eang t\u01b0 n\u00e0y tr\u01b0\u1edbc khi s\u1eed d\u1ee5ng trang web Taxne.com.<\/p>\n\n\n\n<p>Ch\u00fang t\u00f4i quan t\u00e2m \u0111\u1ebfn d\u1eef li\u1ec7u c\u00e1 nh\u00e2n c\u1ee7a b\u1ea1n v\u00e0 cam k\u1ebft \u0111\u1ea3m b\u1ea3o t\u00ednh b\u1ea3o m\u1eadt v\u00e0 an ninh c\u1ee7a d\u1eef li\u1ec7u \u0111\u00f3.<\/p>\n\n\n\n<h6 class=\"wp-block-heading\">Th\u00f4ng tin c\u00e1 nh\u00e2n ch\u00fang t\u00f4i thu th\u1eadp:<\/h6>\n\n\n\n<p>Khi b\u1ea1n truy c\u1eadp Taxne.com, ch\u00fang t\u00f4i s\u1ebd t\u1ef1 \u0111\u1ed9ng thu th\u1eadp m\u1ed9t s\u1ed1 th\u00f4ng tin nh\u1ea5t \u0111\u1ecbnh v\u1ec1 thi\u1ebft b\u1ecb c\u1ee7a b\u1ea1n, bao g\u1ed3m th\u00f4ng tin v\u1ec1 tr\u00ecnh duy\u1ec7t web, \u0111\u1ecba ch\u1ec9 IP, m\u00fai gi\u1edd v\u00e0 m\u1ed9t s\u1ed1 cookie \u0111\u01b0\u1ee3c c\u00e0i \u0111\u1eb7t tr\u00ean thi\u1ebft b\u1ecb c\u1ee7a b\u1ea1n. Ngo\u00e0i ra, khi b\u1ea1n duy\u1ec7t Trang web, ch\u00fang t\u00f4i thu th\u1eadp th\u00f4ng tin v\u1ec1 t\u1eebng trang web ho\u1eb7c s\u1ea3n ph\u1ea9m b\u1ea1n xem, trang web ho\u1eb7c c\u1ee5m t\u1eeb t\u00ecm ki\u1ebfm n\u00e0o \u0111\u00e3 gi\u1edbi thi\u1ec7u b\u1ea1n \u0111\u1ebfn Trang web v\u00e0 c\u00e1ch b\u1ea1n t\u01b0\u01a1ng t\u00e1c v\u1edbi Trang web. Ch\u00fang t\u00f4i g\u1ecdi th\u00f4ng tin \u0111\u01b0\u1ee3c thu th\u1eadp t\u1ef1 \u0111\u1ed9ng n\u00e0y l\u00e0 \u201cTh\u00f4ng tin thi\u1ebft b\u1ecb\u201d. H\u01a1n n\u1eefa, ch\u00fang t\u00f4i c\u00f3 th\u1ec3 thu th\u1eadp d\u1eef li\u1ec7u c\u00e1 nh\u00e2n m\u00e0 b\u1ea1n cung c\u1ea5p cho ch\u00fang t\u00f4i (bao g\u1ed3m nh\u01b0ng kh\u00f4ng gi\u1edbi h\u1ea1n \u1edf T\u00ean, H\u1ecd, \u0110\u1ecba ch\u1ec9, th\u00f4ng tin thanh to\u00e1n, v.v.) trong qu\u00e1 tr\u00ecnh \u0111\u0103ng k\u00fd \u0111\u1ec3 c\u00f3 th\u1ec3 th\u1ef1c hi\u1ec7n th\u1ecfa thu\u1eadn.<\/p>\n\n\n\n<h6 class=\"wp-block-heading\">T\u1ea1i sao ch\u00fang t\u00f4i x\u1eed l\u00fd d\u1eef li\u1ec7u c\u1ee7a b\u1ea1n?<\/h6>\n\n\n\n<p>\u01afu ti\u00ean h\u00e0ng \u0111\u1ea7u c\u1ee7a ch\u00fang t\u00f4i l\u00e0 b\u1ea3o m\u1eadt d\u1eef li\u1ec7u c\u1ee7a kh\u00e1ch h\u00e0ng v\u00e0 do \u0111\u00f3, ch\u00fang t\u00f4i ch\u1ec9 c\u00f3 th\u1ec3 x\u1eed l\u00fd d\u1eef li\u1ec7u ng\u01b0\u1eddi d\u00f9ng \u1edf m\u1ee9c t\u1ed1i thi\u1ec3u, ch\u1ec9 \u1edf m\u1ee9c th\u1ef1c s\u1ef1 c\u1ea7n thi\u1ebft \u0111\u1ec3 duy tr\u00ec trang web. Th\u00f4ng tin \u0111\u01b0\u1ee3c thu th\u1eadp t\u1ef1 \u0111\u1ed9ng ch\u1ec9 \u0111\u01b0\u1ee3c s\u1eed d\u1ee5ng \u0111\u1ec3 x\u00e1c \u0111\u1ecbnh c\u00e1c tr\u01b0\u1eddng h\u1ee3p l\u1ea1m d\u1ee5ng ti\u1ec1m \u1ea9n v\u00e0 thi\u1ebft l\u1eadp th\u00f4ng tin th\u1ed1ng k\u00ea v\u1ec1 vi\u1ec7c s\u1eed d\u1ee5ng trang web. Th\u00f4ng tin th\u1ed1ng k\u00ea n\u00e0y kh\u00f4ng \u0111\u01b0\u1ee3c t\u1ed5ng h\u1ee3p theo c\u00e1ch c\u00f3 th\u1ec3 x\u00e1c \u0111\u1ecbnh b\u1ea5t k\u1ef3 ng\u01b0\u1eddi d\u00f9ng c\u1ee5 th\u1ec3 n\u00e0o c\u1ee7a h\u1ec7 th\u1ed1ng.<\/p>\n\n\n\n<p>B\u1ea1n c\u00f3 th\u1ec3 truy c\u1eadp trang web m\u00e0 kh\u00f4ng c\u1ea7n cho ch\u00fang t\u00f4i bi\u1ebft b\u1ea1n l\u00e0 ai ho\u1eb7c ti\u1ebft l\u1ed9 b\u1ea5t k\u1ef3 th\u00f4ng tin n\u00e0o \u0111\u1ec3 ai \u0111\u00f3 c\u00f3 th\u1ec3 nh\u1eadn d\u1ea1ng b\u1ea1n l\u00e0 m\u1ed9t c\u00e1 nh\u00e2n c\u1ee5 th\u1ec3, c\u00f3 th\u1ec3 nh\u1eadn d\u1ea1ng \u0111\u01b0\u1ee3c. Tuy nhi\u00ean, n\u1ebfu b\u1ea1n mu\u1ed1n s\u1eed d\u1ee5ng m\u1ed9t s\u1ed1 t\u00ednh n\u0103ng c\u1ee7a trang web ho\u1eb7c b\u1ea1n mu\u1ed1n nh\u1eadn b\u1ea3n tin c\u1ee7a ch\u00fang t\u00f4i ho\u1eb7c cung c\u1ea5p c\u00e1c chi ti\u1ebft kh\u00e1c b\u1eb1ng c\u00e1ch \u0111i\u1ec1n v\u00e0o bi\u1ec3u m\u1eabu, b\u1ea1n c\u00f3 th\u1ec3 cung c\u1ea5p d\u1eef li\u1ec7u c\u00e1 nh\u00e2n cho ch\u00fang t\u00f4i, ch\u1eb3ng h\u1ea1n nh\u01b0 email, t\u00ean, h\u1ecd, th\u00e0nh ph\u1ed1 c\u1ee7a b\u1ea1n. n\u01a1i c\u01b0 tr\u00fa, t\u1ed5 ch\u1ee9c, s\u1ed1 \u0111i\u1ec7n tho\u1ea1i. B\u1ea1n c\u00f3 th\u1ec3 ch\u1ecdn kh\u00f4ng cung c\u1ea5p cho ch\u00fang t\u00f4i d\u1eef li\u1ec7u c\u00e1 nh\u00e2n c\u1ee7a m\u00ecnh, nh\u01b0ng khi \u0111\u00f3 b\u1ea1n c\u00f3 th\u1ec3 kh\u00f4ng t\u1eadn d\u1ee5ng \u0111\u01b0\u1ee3c m\u1ed9t s\u1ed1 t\u00ednh n\u0103ng c\u1ee7a trang web. V\u00ed d\u1ee5: b\u1ea1n s\u1ebd kh\u00f4ng th\u1ec3 nh\u1eadn B\u1ea3n tin c\u1ee7a ch\u00fang t\u00f4i ho\u1eb7c li\u00ean h\u1ec7 tr\u1ef1c ti\u1ebfp v\u1edbi ch\u00fang t\u00f4i t\u1eeb trang web. Ng\u01b0\u1eddi d\u00f9ng kh\u00f4ng ch\u1eafc ch\u1eafn v\u1ec1 th\u00f4ng tin n\u00e0o l\u00e0 b\u1eaft bu\u1ed9c c\u00f3 th\u1ec3 li\u00ean h\u1ec7 v\u1edbi ch\u00fang t\u00f4i qua <a target=\"_blank\" href=\"mailto:tianke1223@gmail.com\" rel=\"noreferrer noopener\">tianke1223@gmail.com<\/a>.<\/p>\n\n\n\n<h6 class=\"wp-block-heading\">Quy\u1ec1n l\u1ee3i c\u1ee7a b\u1ea1n:<\/h6>\n\n\n\n<p>N\u1ebfu b\u1ea1n l\u00e0 c\u01b0 d\u00e2n Ch\u00e2u \u00c2u, b\u1ea1n c\u00f3 c\u00e1c quy\u1ec1n sau li\u00ean quan \u0111\u1ebfn d\u1eef li\u1ec7u c\u00e1 nh\u00e2n c\u1ee7a m\u00ecnh:<\/p>\n\n\n\n<ul class=\"wp-block-list\">\n<li>Quy\u1ec1n \u0111\u01b0\u1ee3c th\u00f4ng b\u00e1o.<\/li>\n\n\n\n<li>Quy\u1ec1n truy c\u1eadp.<\/li>\n\n\n\n<li>Quy\u1ec1n c\u1ea3i ch\u00ednh.<\/li>\n\n\n\n<li>Quy\u1ec1n t\u1ea9y x\u00f3a.<\/li>\n\n\n\n<li>Quy\u1ec1n h\u1ea1n ch\u1ebf x\u1eed l\u00fd.<\/li>\n\n\n\n<li>Quy\u1ec1n di chuy\u1ec3n d\u1eef li\u1ec7u.<\/li>\n\n\n\n<li>Quy\u1ec1n ph\u1ea3n \u0111\u1ed1i.<\/li>\n\n\n\n<li>C\u00e1c quy\u1ec1n li\u00ean quan \u0111\u1ebfn vi\u1ec7c ra quy\u1ebft \u0111\u1ecbnh v\u00e0 l\u1eadp h\u1ed3 s\u01a1 t\u1ef1 \u0111\u1ed9ng.<\/li>\n<\/ul>\n\n\n\n<p>N\u1ebfu b\u1ea1n mu\u1ed1n th\u1ef1c hi\u1ec7n quy\u1ec1n n\u00e0y, vui l\u00f2ng li\u00ean h\u1ec7 v\u1edbi ch\u00fang t\u00f4i qua th\u00f4ng tin li\u00ean h\u1ec7 b\u00ean d\u01b0\u1edbi.<\/p>\n\n\n\n<p>Ngo\u00e0i ra, n\u1ebfu b\u1ea1n l\u00e0 c\u01b0 d\u00e2n Ch\u00e2u \u00c2u, ch\u00fang t\u00f4i l\u01b0u \u00fd r\u1eb1ng ch\u00fang t\u00f4i \u0111ang x\u1eed l\u00fd th\u00f4ng tin c\u1ee7a b\u1ea1n \u0111\u1ec3 th\u1ef1c hi\u1ec7n c\u00e1c h\u1ee3p \u0111\u1ed3ng m\u00e0 ch\u00fang t\u00f4i c\u00f3 th\u1ec3 c\u00f3 v\u1edbi b\u1ea1n (v\u00ed d\u1ee5: n\u1ebfu b\u1ea1n \u0111\u1eb7t h\u00e0ng qua Trang web) ho\u1eb7c \u0111\u1ec3 theo \u0111u\u1ed5i c\u00e1c l\u1ee3i \u00edch kinh doanh h\u1ee3p ph\u00e1p c\u1ee7a ch\u00fang t\u00f4i \u0111\u01b0\u1ee3c li\u1ec7t k\u00ea b\u00ean tr\u00ean. Ngo\u00e0i ra, xin l\u01b0u \u00fd r\u1eb1ng th\u00f4ng tin c\u1ee7a b\u1ea1n c\u00f3 th\u1ec3 \u0111\u01b0\u1ee3c chuy\u1ec3n ra ngo\u00e0i Ch\u00e2u \u00c2u, bao g\u1ed3m Canada v\u00e0 Hoa K\u1ef3.<\/p>\n\n\n\n<h6 class=\"wp-block-heading\">Li\u00ean k\u1ebft \u0111\u1ebfn c\u00e1c trang web kh\u00e1c:<\/h6>\n\n\n\n<p>Trang web c\u1ee7a ch\u00fang t\u00f4i c\u00f3 th\u1ec3 ch\u1ee9a c\u00e1c li\u00ean k\u1ebft \u0111\u1ebfn c\u00e1c trang web kh\u00e1c kh\u00f4ng do ch\u00fang t\u00f4i s\u1edf h\u1eefu ho\u1eb7c ki\u1ec3m so\u00e1t. Xin l\u01b0u \u00fd r\u1eb1ng ch\u00fang t\u00f4i kh\u00f4ng ch\u1ecbu tr\u00e1ch nhi\u1ec7m \u0111\u1ed1i v\u1edbi c\u00e1c trang web kh\u00e1c ho\u1eb7c c\u00e1c bi\u1ec7n ph\u00e1p b\u1ea3o m\u1eadt c\u1ee7a b\u00ean th\u1ee9 ba. Ch\u00fang t\u00f4i khuy\u1ebfn kh\u00edch b\u1ea1n l\u01b0u \u00fd khi r\u1eddi kh\u1ecfi trang web c\u1ee7a ch\u00fang t\u00f4i v\u00e0 \u0111\u1ecdc c\u00e1c \u0111i\u1ec1u kho\u1ea3n v\u1ec1 quy\u1ec1n ri\u00eang t\u01b0 c\u1ee7a t\u1eebng trang web c\u00f3 th\u1ec3 thu th\u1eadp th\u00f4ng tin c\u00e1 nh\u00e2n.<\/p>\n\n\n\n<h6 class=\"wp-block-heading\">B\u1ea3o m\u1eadt th\u00f4ng tin:<\/h6>\n\n\n\n<p>Ch\u00fang t\u00f4i b\u1ea3o m\u1eadt th\u00f4ng tin b\u1ea1n cung c\u1ea5p tr\u00ean m\u00e1y ch\u1ee7 trong m\u00f4i tr\u01b0\u1eddng \u0111\u01b0\u1ee3c ki\u1ec3m so\u00e1t, an to\u00e0n, \u0111\u01b0\u1ee3c b\u1ea3o v\u1ec7 kh\u1ecfi s\u1ef1 truy c\u1eadp, s\u1eed d\u1ee5ng ho\u1eb7c ti\u1ebft l\u1ed9 tr\u00e1i ph\u00e9p. Ch\u00fang t\u00f4i duy tr\u00ec c\u00e1c bi\u1ec7n ph\u00e1p b\u1ea3o v\u1ec7 h\u00e0nh ch\u00ednh, k\u1ef9 thu\u1eadt v\u00e0 v\u1eadt l\u00fd h\u1ee3p l\u00fd \u0111\u1ec3 b\u1ea3o v\u1ec7 kh\u1ecfi vi\u1ec7c truy c\u1eadp, s\u1eed d\u1ee5ng, s\u1eeda \u0111\u1ed5i v\u00e0 ti\u1ebft l\u1ed9 d\u1eef li\u1ec7u c\u00e1 nh\u00e2n tr\u00e1i ph\u00e9p trong s\u1ef1 ki\u1ec3m so\u00e1t v\u00e0 l\u01b0u gi\u1eef c\u1ee7a ch\u00fang t\u00f4i. Tuy nhi\u00ean, kh\u00f4ng th\u1ec3 \u0111\u1ea3m b\u1ea3o vi\u1ec7c truy\u1ec1n d\u1eef li\u1ec7u qua Internet ho\u1eb7c m\u1ea1ng kh\u00f4ng d\u00e2y.<\/p>\n\n\n\n<h6 class=\"wp-block-heading\">Ti\u1ebft l\u1ed9 ph\u00e1p l\u00fd:<\/h6>\n\n\n\n<p>Ch\u00fang t\u00f4i s\u1ebd ti\u1ebft l\u1ed9 b\u1ea5t k\u1ef3 th\u00f4ng tin n\u00e0o ch\u00fang t\u00f4i thu th\u1eadp, s\u1eed d\u1ee5ng ho\u1eb7c nh\u1eadn n\u1ebfu ph\u00e1p lu\u1eadt y\u00eau c\u1ea7u ho\u1eb7c cho ph\u00e9p, ch\u1eb3ng h\u1ea1n nh\u01b0 \u0111\u1ec3 tu\u00e2n th\u1ee7 tr\u00e1t \u0111\u00f2i h\u1ea7u t\u00f2a ho\u1eb7c quy tr\u00ecnh ph\u00e1p l\u00fd t\u01b0\u01a1ng t\u1ef1 v\u00e0 khi ch\u00fang t\u00f4i tin t\u01b0\u1edfng r\u1eb1ng vi\u1ec7c ti\u1ebft l\u1ed9 l\u00e0 c\u1ea7n thi\u1ebft \u0111\u1ec3 b\u1ea3o v\u1ec7 quy\u1ec1n c\u1ee7a ch\u00fang t\u00f4i, b\u1ea3o v\u1ec7 s\u1ef1 an to\u00e0n c\u1ee7a b\u1ea1n ho\u1eb7c s\u1ef1 an to\u00e0n c\u1ee7a ng\u01b0\u1eddi kh\u00e1c, \u0111i\u1ec1u tra gian l\u1eadn ho\u1eb7c \u0111\u00e1p \u1ee9ng y\u00eau c\u1ea7u c\u1ee7a ch\u00ednh ph\u1ee7.<\/p>\n\n\n\n<h6 class=\"wp-block-heading\">Th\u00f4ng tin li\u00ean l\u1ea1c:<\/h6>\n\n\n\n<p>N\u1ebfu b\u1ea1n mu\u1ed1n li\u00ean h\u1ec7 v\u1edbi ch\u00fang t\u00f4i \u0111\u1ec3 hi\u1ec3u th\u00eam v\u1ec1 Ch\u00ednh s\u00e1ch n\u00e0y ho\u1eb7c mu\u1ed1n li\u00ean h\u1ec7 v\u1edbi ch\u00fang t\u00f4i v\u1ec1 b\u1ea5t k\u1ef3 v\u1ea5n \u0111\u1ec1 n\u00e0o li\u00ean quan \u0111\u1ebfn quy\u1ec1n c\u00e1 nh\u00e2n v\u00e0 Th\u00f4ng tin c\u00e1 nh\u00e2n c\u1ee7a b\u1ea1n, b\u1ea1n c\u00f3 th\u1ec3 g\u1eedi email \u0111\u1ebfn <a target=\"_blank\" href=\"mailto:tianke1223@gmail.com\" rel=\"noreferrer noopener\">tianke1223@gmail.com<\/a>.<\/p>","protected":false},"excerpt":{"rendered":"<p>Privacy Policy Taxne.com website is owned by Taxne, which is a data controller of your personal data. We have adopted this Privacy Policy, which determines how we are processing the information collected by Taxne.com, which also provides the reasons why we must collect certain personal data about you. Therefore, you must read this Privacy Policy [&hellip;]<\/p>\n","protected":false},"author":1,"featured_media":0,"parent":0,"menu_order":0,"comment_status":"closed","ping_status":"closed","template":"","meta":{"_uag_custom_page_level_css":"","site-sidebar-layout":"default","site-content-layout":"","ast-site-content-layout":"default","site-content-style":"default","site-sidebar-style":"default","ast-global-header-display":"","ast-banner-title-visibility":"","ast-main-header-display":"","ast-hfb-above-header-display":"","ast-hfb-below-header-display":"","ast-hfb-mobile-header-display":"","site-post-title":"","ast-breadcrumbs-content":"","ast-featured-img":"","footer-sml-layout":"","ast-disable-related-posts":"","theme-transparent-header-meta":"","adv-header-id-meta":"","stick-header-meta":"","header-above-stick-meta":"","header-main-stick-meta":"","header-below-stick-meta":"","astra-migrate-meta-layouts":"set","ast-page-background-enabled":"default","ast-page-background-meta":{"desktop":{"background-color":"","background-image":"","background-repeat":"repeat","background-position":"center center","background-size":"auto","background-attachment":"scroll","background-type":"","background-media":"","overlay-type":"","overlay-color":"","overlay-opacity":"","overlay-gradient":""},"tablet":{"background-color":"","background-image":"","background-repeat":"repeat","background-position":"center center","background-size":"auto","background-attachment":"scroll","background-type":"","background-media":"","overlay-type":"","overlay-color":"","overlay-opacity":"","overlay-gradient":""},"mobile":{"background-color":"","background-image":"","background-repeat":"repeat","background-position":"center center","background-size":"auto","background-attachment":"scroll","background-type":"","background-media":"","overlay-type":"","overlay-color":"","overlay-opacity":"","overlay-gradient":""}},"ast-content-background-meta":{"desktop":{"background-color":"var(--ast-global-color-5)","background-image":"","background-repeat":"repeat","background-position":"center center","background-size":"auto","background-attachment":"scroll","background-type":"","background-media":"","overlay-type":"","overlay-color":"","overlay-opacity":"","overlay-gradient":""},"tablet":{"background-color":"var(--ast-global-color-5)","background-image":"","background-repeat":"repeat","background-position":"center center","background-size":"auto","background-attachment":"scroll","background-type":"","background-media":"","overlay-type":"","overlay-color":"","overlay-opacity":"","overlay-gradient":""},"mobile":{"background-color":"var(--ast-global-color-5)","background-image":"","background-repeat":"repeat","background-position":"center center","background-size":"auto","background-attachment":"scroll","background-type":"","background-media":"","overlay-type":"","overlay-color":"","overlay-opacity":"","overlay-gradient":""}},"footnotes":""},"class_list":["post-3","page","type-page","status-publish","hentry"],"yoast_head":"<!-- This site is optimized with the Yoast SEO plugin v27.3 - https:\/\/yoast.com\/product\/yoast-seo-wordpress\/ -->\n<title>Privacy Policy | Your Data Security &amp; Protection | Taxne<\/title>\n<meta name=\"description\" content=\"Read Taxne&#039;s Privacy Policy to understand how we collect, use, and protect your personal information. We are committed to transparency and GDPR compliance. Your privacy is our priority.\" \/>\n<meta name=\"robots\" content=\"index, follow, max-snippet:-1, max-image-preview:large, max-video-preview:-1\" \/>\n<link rel=\"canonical\" href=\"https:\/\/taxne.com\/vi\/chinh-sach-bao-mat\/\" \/>\n<meta property=\"og:locale\" content=\"vi_VN\" \/>\n<meta property=\"og:type\" content=\"article\" \/>\n<meta property=\"og:title\" content=\"Privacy Policy | Your Data Security &amp; Protection | Taxne\" \/>\n<meta property=\"og:description\" content=\"Read Taxne&#039;s Privacy Policy to understand how we collect, use, and protect your personal information. We are committed to transparency and GDPR compliance. Your privacy is our priority.\" \/>\n<meta property=\"og:url\" content=\"https:\/\/taxne.com\/vi\/chinh-sach-bao-mat\/\" \/>\n<meta property=\"article:modified_time\" content=\"2025-09-10T09:10:18+00:00\" \/>\n<meta name=\"twitter:card\" content=\"summary_large_image\" \/>\n<meta name=\"twitter:label1\" content=\"\u01af\u1edbc t\u00ednh th\u1eddi gian \u0111\u1ecdc\" \/>\n\t<meta name=\"twitter:data1\" content=\"5 ph\u00fat\" \/>\n<script type=\"application\/ld+json\" class=\"yoast-schema-graph\">{\"@context\":\"https:\\\/\\\/schema.org\",\"@graph\":[{\"@type\":\"WebPage\",\"@id\":\"https:\\\/\\\/taxne.com\\\/privacy-policy\\\/\",\"url\":\"https:\\\/\\\/taxne.com\\\/privacy-policy\\\/\",\"name\":\"Privacy Policy | Your Data Security & Protection | Taxne\",\"isPartOf\":{\"@id\":\"https:\\\/\\\/taxne.com\\\/#website\"},\"datePublished\":\"2024-07-11T14:22:53+00:00\",\"dateModified\":\"2025-09-10T09:10:18+00:00\",\"description\":\"Read Taxne's Privacy Policy to understand how we collect, use, and protect your personal information. We are committed to transparency and GDPR compliance. Your privacy is our priority.\",\"breadcrumb\":{\"@id\":\"https:\\\/\\\/taxne.com\\\/privacy-policy\\\/#breadcrumb\"},\"inLanguage\":\"vi\",\"potentialAction\":[{\"@type\":\"ReadAction\",\"target\":[\"https:\\\/\\\/taxne.com\\\/privacy-policy\\\/\"]}]},{\"@type\":\"BreadcrumbList\",\"@id\":\"https:\\\/\\\/taxne.com\\\/privacy-policy\\\/#breadcrumb\",\"itemListElement\":[{\"@type\":\"ListItem\",\"position\":1,\"name\":\"\u9996\u9875\",\"item\":\"https:\\\/\\\/taxne.com\\\/\"},{\"@type\":\"ListItem\",\"position\":2,\"name\":\"Privacy Policy\"}]},{\"@type\":\"WebSite\",\"@id\":\"https:\\\/\\\/taxne.com\\\/#website\",\"url\":\"https:\\\/\\\/taxne.com\\\/\",\"name\":\"taxne.com\",\"description\":\"\",\"publisher\":{\"@id\":\"https:\\\/\\\/taxne.com\\\/#organization\"},\"potentialAction\":[{\"@type\":\"SearchAction\",\"target\":{\"@type\":\"EntryPoint\",\"urlTemplate\":\"https:\\\/\\\/taxne.com\\\/?s={search_term_string}\"},\"query-input\":{\"@type\":\"PropertyValueSpecification\",\"valueRequired\":true,\"valueName\":\"search_term_string\"}}],\"inLanguage\":\"vi\"},{\"@type\":\"Organization\",\"@id\":\"https:\\\/\\\/taxne.com\\\/#organization\",\"name\":\"taxne.com\",\"url\":\"https:\\\/\\\/taxne.com\\\/\",\"logo\":{\"@type\":\"ImageObject\",\"inLanguage\":\"vi\",\"@id\":\"https:\\\/\\\/taxne.com\\\/#\\\/schema\\\/logo\\\/image\\\/\",\"url\":\"https:\\\/\\\/taxne.com\\\/wp-content\\\/uploads\\\/2025\\\/09\\\/cropped-logo.png\",\"contentUrl\":\"https:\\\/\\\/taxne.com\\\/wp-content\\\/uploads\\\/2025\\\/09\\\/cropped-logo.png\",\"width\":1027,\"height\":270,\"caption\":\"taxne.com\"},\"image\":{\"@id\":\"https:\\\/\\\/taxne.com\\\/#\\\/schema\\\/logo\\\/image\\\/\"}}]}<\/script>\n<!-- \/ Yoast SEO plugin. -->","yoast_head_json":{"title":"Privacy Policy | Your Data Security & Protection | Taxne","description":"Read Taxne's Privacy Policy to understand how we collect, use, and protect your personal information. We are committed to transparency and GDPR compliance. Your privacy is our priority.","robots":{"index":"index","follow":"follow","max-snippet":"max-snippet:-1","max-image-preview":"max-image-preview:large","max-video-preview":"max-video-preview:-1"},"canonical":"https:\/\/taxne.com\/vi\/chinh-sach-bao-mat\/","og_locale":"vi_VN","og_type":"article","og_title":"Privacy Policy | Your Data Security & Protection | Taxne","og_description":"Read Taxne's Privacy Policy to understand how we collect, use, and protect your personal information. We are committed to transparency and GDPR compliance. Your privacy is our priority.","og_url":"https:\/\/taxne.com\/vi\/chinh-sach-bao-mat\/","article_modified_time":"2025-09-10T09:10:18+00:00","twitter_card":"summary_large_image","twitter_misc":{"\u01af\u1edbc t\u00ednh th\u1eddi gian \u0111\u1ecdc":"5 ph\u00fat"},"schema":{"@context":"https:\/\/schema.org","@graph":[{"@type":"WebPage","@id":"https:\/\/taxne.com\/privacy-policy\/","url":"https:\/\/taxne.com\/privacy-policy\/","name":"Privacy Policy | Your Data Security & Protection | Taxne","isPartOf":{"@id":"https:\/\/taxne.com\/#website"},"datePublished":"2024-07-11T14:22:53+00:00","dateModified":"2025-09-10T09:10:18+00:00","description":"Read Taxne's Privacy Policy to understand how we collect, use, and protect your personal information. We are committed to transparency and GDPR compliance. Your privacy is our priority.","breadcrumb":{"@id":"https:\/\/taxne.com\/privacy-policy\/#breadcrumb"},"inLanguage":"vi","potentialAction":[{"@type":"ReadAction","target":["https:\/\/taxne.com\/privacy-policy\/"]}]},{"@type":"BreadcrumbList","@id":"https:\/\/taxne.com\/privacy-policy\/#breadcrumb","itemListElement":[{"@type":"ListItem","position":1,"name":"\u9996\u9875","item":"https:\/\/taxne.com\/"},{"@type":"ListItem","position":2,"name":"Privacy Policy"}]},{"@type":"WebSite","@id":"https:\/\/taxne.com\/#website","url":"https:\/\/taxne.com\/","name":"taxne.com","description":"","publisher":{"@id":"https:\/\/taxne.com\/#organization"},"potentialAction":[{"@type":"SearchAction","target":{"@type":"EntryPoint","urlTemplate":"https:\/\/taxne.com\/?s={search_term_string}"},"query-input":{"@type":"PropertyValueSpecification","valueRequired":true,"valueName":"search_term_string"}}],"inLanguage":"vi"},{"@type":"Organization","@id":"https:\/\/taxne.com\/#organization","name":"taxne.com","url":"https:\/\/taxne.com\/","logo":{"@type":"ImageObject","inLanguage":"vi","@id":"https:\/\/taxne.com\/#\/schema\/logo\/image\/","url":"https:\/\/taxne.com\/wp-content\/uploads\/2025\/09\/cropped-logo.png","contentUrl":"https:\/\/taxne.com\/wp-content\/uploads\/2025\/09\/cropped-logo.png","width":1027,"height":270,"caption":"taxne.com"},"image":{"@id":"https:\/\/taxne.com\/#\/schema\/logo\/image\/"}}]}},"uagb_featured_image_src":{"full":false,"thumbnail":false,"medium":false,"medium_large":false,"large":false,"1536x1536":false,"2048x2048":false,"trp-custom-language-flag":false,"woocommerce_thumbnail":false,"woocommerce_single":false,"woocommerce_gallery_thumbnail":false},"uagb_author_info":{"display_name":"tianke1223@gmail.com","author_link":"https:\/\/taxne.com\/vi\/author\/tianke1223gmail-com\/"},"uagb_comment_info":0,"uagb_excerpt":"Privacy Policy Taxne.com website is owned by Taxne, which is a data controller of your personal data. We have adopted this Privacy Policy, which determines how we are processing the information collected by Taxne.com, which also provides the reasons why we must collect certain personal data about you. Therefore, you must read this Privacy Policy&hellip;","jetpack_sharing_enabled":true,"_links":{"self":[{"href":"https:\/\/taxne.com\/vi\/wp-json\/wp\/v2\/pages\/3","targetHints":{"allow":["GET"]}}],"collection":[{"href":"https:\/\/taxne.com\/vi\/wp-json\/wp\/v2\/pages"}],"about":[{"href":"https:\/\/taxne.com\/vi\/wp-json\/wp\/v2\/types\/page"}],"author":[{"embeddable":true,"href":"https:\/\/taxne.com\/vi\/wp-json\/wp\/v2\/users\/1"}],"replies":[{"embeddable":true,"href":"https:\/\/taxne.com\/vi\/wp-json\/wp\/v2\/comments?post=3"}],"version-history":[{"count":1,"href":"https:\/\/taxne.com\/vi\/wp-json\/wp\/v2\/pages\/3\/revisions"}],"predecessor-version":[{"id":2118,"href":"https:\/\/taxne.com\/vi\/wp-json\/wp\/v2\/pages\/3\/revisions\/2118"}],"wp:attachment":[{"href":"https:\/\/taxne.com\/vi\/wp-json\/wp\/v2\/media?parent=3"}],"curies":[{"name":"wp","href":"https:\/\/api.w.org\/{rel}","templated":true}]}}